
{"id":5990,"date":"2021-03-02T13:21:51","date_gmt":"2021-03-02T12:21:51","guid":{"rendered":"https:\/\/www.abhdocksolutions.com\/politica-de-cookies\/"},"modified":"2021-03-03T12:52:58","modified_gmt":"2021-03-03T11:52:58","slug":"politica-de-cookies","status":"publish","type":"page","link":"https:\/\/www.abhdocksolutions.com\/fr\/politica-de-cookies\/","title":{"rendered":"POLITIQUE DE COOKIES"},"content":{"rendered":"<div class=\"fusion-fullwidth fullwidth-box fusion-builder-row-1 nonhundred-percent-fullwidth non-hundred-percent-height-scrolling\" style=\"--awb-border-radius-top-left:0px;--awb-border-radius-top-right:0px;--awb-border-radius-bottom-right:0px;--awb-border-radius-bottom-left:0px;--awb-flex-wrap:wrap;\" ><div class=\"fusion-builder-row fusion-row\"><div class=\"fusion-layout-column fusion_builder_column fusion-builder-column-0 fusion_builder_column_1_1 1_1 fusion-one-full fusion-column-first fusion-column-last\" style=\"--awb-bg-size:cover;--awb-margin-bottom:0px;\"><div class=\"fusion-column-wrapper fusion-flex-column-wrapper-legacy\"><div class=\"fusion-text fusion-text-1\"><div class=\"cli_pg_page_contaner\">\n<h3>\u00c0 propos de cette politique de cookies<\/h3>\n<div>\n<p>Cette politique de cookies explique ce que sont les cookies et comment nous les utilisons, les types de cookies que nous utilisons, c\u2019est-\u00e0-dire les informations que nous recueillons \u00e0 l\u2019aide de cookies et comment ces informations sont utilis\u00e9es, et comment contr\u00f4ler les pr\u00e9f\u00e9rences des cookies. Pour de plus amples informations sur la mani\u00e8re dont nous utilisons, stockons et prot\u00e9geons vos donn\u00e9es personnelles, veuillez consulter notre politique de confidentialit\u00e9.<br \/>\nVous pouvez modifier ou retirer votre consentement \u00e0 la d\u00e9claration sur les cookies sur notre site web \u00e0 tout moment.<br \/>\nPour en savoir plus \u00e0 propos de nous, comment nous contacter et comment nous traitons les donn\u00e9es personnelles, consultez notre politique de confidentialit\u00e9.<br \/>\nVotre consentement est applicable dans les domaines suivants\u00a0: www.abhdocksolutions.com[user_consent_state]\n<\/div>\n<h3>Qu\u2019est-ce qu\u2019un cookie ?<\/h3>\n<div>Les cookies sont des petits fichiers de texte utilis\u00e9s pour stocker des petits fragments d\u2019informations. Ils sont stock\u00e9s dans votre dispositif quand le site web se charge sur votre navigateur. Ces cookies nous aident \u00e0 faire fonctionner le site web correctement, \u00e0 le rendre plus s\u00fbr, \u00e0 offrir une meilleure exp\u00e9rience aux utilisateurs, \u00e0 comprendre le fonctionnement du site et \u00e0 analyser ce qui fonctionne et ce qui doit \u00eatre am\u00e9lior\u00e9.<\/div>\n<h3>Comment utilisons-nous les cookies ?<\/h3>\n<div>\n<p>Comme la majorit\u00e9 des services en ligne, notre site web utilise des cookies internes et de tiers \u00e0 des fins diff\u00e9rentes. Les cookies d\u2019origine sont principalement n\u00e9cessaires au bon fonctionnement du site web et ne recueillent aucune de vos donn\u00e9es personnelles. Les cookies de tiers utilis\u00e9s sur notre site web servent principalement \u00e0 comprendre le fonctionnement du site web, la mani\u00e8re dont vous interagissez avec notre site web, \u00e0 assurer la s\u00e9curit\u00e9 de nos services, \u00e0 fournir des publicit\u00e9s susceptibles de vous int\u00e9resser et, d\u2019une mani\u00e8re g\u00e9n\u00e9rale, \u00e0 vous offrir une exp\u00e9rience am\u00e9lior\u00e9e en tant qu\u2019utilisateur et \u00e0 acc\u00e9l\u00e9rer vos futures interactions avec notre site web.<\/p>\n<\/div>\n<h3>Quels types de cookies utilisons-nous\u00a0?<\/h3>\n<div>\n<p>Essentiels\u00a0: certains cookies sont essentiels pour que vous puissiez b\u00e9n\u00e9ficier de la fonctionnalit\u00e9 compl\u00e8te de notre site. Ils nous permettent de maintenir les sessions des utilisateurs et de pr\u00e9venir tout type de menace concernant la s\u00e9curit\u00e9. Ils ne recueillent et ne stockent aucunes informations personnelles. Par exemple, ces cookies vous permettent de vous connecter \u00e0 votre compte, ainsi que d\u2019ajouter des produits \u00e0 votre panier et de payer en toute s\u00e9curit\u00e9.<\/p>\n<p>Statistiques\u00a0: ces cookies stockent des informations telles que le nombre de visiteurs du site web, le nombre de visiteurs uniques, les pages du site web qui ont \u00e9t\u00e9 visit\u00e9es, la source de la visite, etc. Ces donn\u00e9es nous aident \u00e0 comprendre et \u00e0 analyser les performances du site web et les points \u00e0 am\u00e9liorer.<\/p>\n<p>Marketing\u00a0: notre site web affiche des publicit\u00e9s. Ces cookies sont utilis\u00e9s pour personnaliser les publicit\u00e9s que nous affichons, et qu\u2019elles attirent votre attention. Ces cookies nous aident \u00e9galement \u00e0 faire un suivi de l\u2019efficacit\u00e9 de ces campagnes publicitaires.<br \/>\nLes fournisseurs de publicit\u00e9 de tiers peuvent \u00e9galement utiliser les informations stock\u00e9es dans ces cookies pour vous montrer des publicit\u00e9s sur d\u2019autres sites web dans le navigateur.<\/p>\n<p>Fonctionnalit\u00e9s\u00a0: ce sont les cookies qui permettent certaines fonctionnalit\u00e9s non essentielles de notre site web. Ces fonctionnalit\u00e9s permettent l\u2019int\u00e9gration de contenus tels que des vid\u00e9os ou le partage de contenus du site web sur des plateformes de r\u00e9seaux sociaux.<\/p>\n<p>Pr\u00e9f\u00e9rences\u00a0: ces cookies nous aident \u00e0 enregistrer vos param\u00e8tres et pr\u00e9f\u00e9rences de navigation, comme la langue, afin que vous puissiez b\u00e9n\u00e9ficier d\u2019une exp\u00e9rience plus efficace lors de vos prochaines visites sur le site.[cookie_audit columns=&#8221;cookie,description&#8221; heading=&#8221;The below list details the cookies used in our website.&#8221;]\n<\/p><\/div>\n<\/div>\n<\/div><div class=\"fusion-clearfix\"><\/div><\/div><\/div><\/div><\/div>\n","protected":false},"excerpt":{"rendered":"","protected":false},"author":2,"featured_media":0,"parent":0,"menu_order":0,"comment_status":"closed","ping_status":"closed","template":"","meta":{"footnotes":""},"class_list":["post-5990","page","type-page","status-publish","hentry"],"_links":{"self":[{"href":"https:\/\/www.abhdocksolutions.com\/fr\/wp-json\/wp\/v2\/pages\/5990","targetHints":{"allow":["GET"]}}],"collection":[{"href":"https:\/\/www.abhdocksolutions.com\/fr\/wp-json\/wp\/v2\/pages"}],"about":[{"href":"https:\/\/www.abhdocksolutions.com\/fr\/wp-json\/wp\/v2\/types\/page"}],"author":[{"embeddable":true,"href":"https:\/\/www.abhdocksolutions.com\/fr\/wp-json\/wp\/v2\/users\/2"}],"replies":[{"embeddable":true,"href":"https:\/\/www.abhdocksolutions.com\/fr\/wp-json\/wp\/v2\/comments?post=5990"}],"version-history":[{"count":4,"href":"https:\/\/www.abhdocksolutions.com\/fr\/wp-json\/wp\/v2\/pages\/5990\/revisions"}],"predecessor-version":[{"id":6016,"href":"https:\/\/www.abhdocksolutions.com\/fr\/wp-json\/wp\/v2\/pages\/5990\/revisions\/6016"}],"wp:attachment":[{"href":"https:\/\/www.abhdocksolutions.com\/fr\/wp-json\/wp\/v2\/media?parent=5990"}],"curies":[{"name":"wp","href":"https:\/\/api.w.org\/{rel}","templated":true}]}}